{"id":119,"date":"2013-12-15T20:43:20","date_gmt":"2013-12-15T20:43:20","guid":{"rendered":"http:\/\/www.ict-forensics-consulting.com\/?page_id=119"},"modified":"2013-12-31T09:26:26","modified_gmt":"2013-12-31T09:26:26","slug":"training","status":"publish","type":"page","link":"https:\/\/www.ict-forensics-consulting.com\/HR\/training\/","title":{"rendered":"Edukacija"},"content":{"rendered":"<p><\/p>\n<p style=\"text-align: justify;\">Mo\u017eete birati izme\u0111u ve\u0107 pripremljenih treninga i seminara vezanih uz vje\u0161ta\u010denja u informatici i telekomunikacijama, korporativnog upravljanja, razvoja ljudskih resursa i modeliranja poslovnih procesa, kreirati vlastiti program edukacije koji mo\u017eemo izvoditi za Vas ili se odlu\u010diti za kra\u0107e tematske seminare u Va\u0161im poslovnim prostorima.<\/p>\n<p style=\"text-align: justify;\">Odaberite neku od ponu\u0111enih opcija i saznajte vi\u0161e o svakom tipu treninga i povezanim mogu\u0107nostima.<\/p>\n<p><\/p>","protected":false},"excerpt":{"rendered":"<p>Mo\u017eete birati izme\u0111u ve\u0107 pripremljenih treninga i seminara vezanih uz vje\u0161ta\u010denja u informatici i telekomunikacijama, korporativnog upravljanja, razvoja ljudskih resursa i modeliranja poslovnih procesa, kreirati vlastiti program edukacije koji mo\u017eemo izvoditi za Vas ili se odlu\u010diti za kra\u0107e tematske seminare&hellip; <\/p>\n","protected":false},"author":1,"featured_media":0,"parent":0,"menu_order":0,"comment_status":"closed","ping_status":"open","template":"","meta":[],"_links":{"self":[{"href":"https:\/\/www.ict-forensics-consulting.com\/HR\/wp-json\/wp\/v2\/pages\/119"}],"collection":[{"href":"https:\/\/www.ict-forensics-consulting.com\/HR\/wp-json\/wp\/v2\/pages"}],"about":[{"href":"https:\/\/www.ict-forensics-consulting.com\/HR\/wp-json\/wp\/v2\/types\/page"}],"author":[{"embeddable":true,"href":"https:\/\/www.ict-forensics-consulting.com\/HR\/wp-json\/wp\/v2\/users\/1"}],"replies":[{"embeddable":true,"href":"https:\/\/www.ict-forensics-consulting.com\/HR\/wp-json\/wp\/v2\/comments?post=119"}],"version-history":[{"count":11,"href":"https:\/\/www.ict-forensics-consulting.com\/HR\/wp-json\/wp\/v2\/pages\/119\/revisions"}],"predecessor-version":[{"id":306,"href":"https:\/\/www.ict-forensics-consulting.com\/HR\/wp-json\/wp\/v2\/pages\/119\/revisions\/306"}],"wp:attachment":[{"href":"https:\/\/www.ict-forensics-consulting.com\/HR\/wp-json\/wp\/v2\/media?parent=119"}],"curies":[{"name":"wp","href":"https:\/\/api.w.org\/{rel}","templated":true}]}}