{"id":324,"date":"2013-12-21T23:06:11","date_gmt":"2013-12-21T23:06:11","guid":{"rendered":"http:\/\/www.ict-forensics-consulting.com\/?page_id=324"},"modified":"2013-12-24T22:45:09","modified_gmt":"2013-12-24T22:45:09","slug":"who-is-court-expert-witness","status":"publish","type":"page","link":"https:\/\/www.ict-forensics-consulting.com\/HR\/who-is-court-expert-witness\/","title":{"rendered":"Tko je sudski vje\u0161tak?"},"content":{"rendered":"<p><\/p>\n<p style=\"text-align: justify;\">Sudski vje\u0161tak (ekspert) je vrhunski stru\u010dnjak kojega odabire sud kako bi mu pomogao neovisnim i stru\u010dnim mi\u0161ljenjem u skladu sa zadatkom vje\u0161ta\u010denja. Zainteresiranim strankama mo\u017ee pru\u017eati usluge vansudskih i preliminarnih vje\u0161ta\u010denja te konzultantske usluge.<\/p>\n<p><\/p>","protected":false},"excerpt":{"rendered":"<p>Sudski vje\u0161tak (ekspert) je vrhunski stru\u010dnjak kojega odabire sud kako bi mu pomogao neovisnim i stru\u010dnim mi\u0161ljenjem u skladu sa zadatkom vje\u0161ta\u010denja. Zainteresiranim strankama mo\u017ee pru\u017eati usluge vansudskih i preliminarnih vje\u0161ta\u010denja te konzultantske usluge.<\/p>\n","protected":false},"author":1,"featured_media":0,"parent":0,"menu_order":0,"comment_status":"closed","ping_status":"open","template":"","meta":[],"_links":{"self":[{"href":"https:\/\/www.ict-forensics-consulting.com\/HR\/wp-json\/wp\/v2\/pages\/324"}],"collection":[{"href":"https:\/\/www.ict-forensics-consulting.com\/HR\/wp-json\/wp\/v2\/pages"}],"about":[{"href":"https:\/\/www.ict-forensics-consulting.com\/HR\/wp-json\/wp\/v2\/types\/page"}],"author":[{"embeddable":true,"href":"https:\/\/www.ict-forensics-consulting.com\/HR\/wp-json\/wp\/v2\/users\/1"}],"replies":[{"embeddable":true,"href":"https:\/\/www.ict-forensics-consulting.com\/HR\/wp-json\/wp\/v2\/comments?post=324"}],"version-history":[{"count":3,"href":"https:\/\/www.ict-forensics-consulting.com\/HR\/wp-json\/wp\/v2\/pages\/324\/revisions"}],"predecessor-version":[{"id":328,"href":"https:\/\/www.ict-forensics-consulting.com\/HR\/wp-json\/wp\/v2\/pages\/324\/revisions\/328"}],"wp:attachment":[{"href":"https:\/\/www.ict-forensics-consulting.com\/HR\/wp-json\/wp\/v2\/media?parent=324"}],"curies":[{"name":"wp","href":"https:\/\/api.w.org\/{rel}","templated":true}]}}