{"id":333,"date":"2013-12-21T23:12:44","date_gmt":"2013-12-21T23:12:44","guid":{"rendered":"http:\/\/www.ict-forensics-consulting.com\/?page_id=333"},"modified":"2013-12-24T22:44:55","modified_gmt":"2013-12-24T22:44:55","slug":"what-is-ict-governance","status":"publish","type":"page","link":"https:\/\/www.ict-forensics-consulting.com\/HR\/what-is-ict-governance\/","title":{"rendered":"\u0160to je korporativno upravljanje informatikom?"},"content":{"rendered":"<p><\/p>\n<p style=\"text-align: justify;\">Korporativno upravljanje informatikom je primjena mjera i izvo\u0111enje akcija kojima se poslovna funkcija upravljanja informatikom i telekomunikacijama koristi kako bi podr\u017eala poslovne ciljeve poduze\u0107a, a putem postavljene strategije i politika.<\/p>\n<p><\/p>","protected":false},"excerpt":{"rendered":"<p>Korporativno upravljanje informatikom je primjena mjera i izvo\u0111enje akcija kojima se poslovna funkcija upravljanja informatikom i telekomunikacijama koristi kako bi podr\u017eala poslovne ciljeve poduze\u0107a, a putem postavljene strategije i politika.<\/p>\n","protected":false},"author":1,"featured_media":0,"parent":0,"menu_order":0,"comment_status":"closed","ping_status":"open","template":"","meta":[],"_links":{"self":[{"href":"https:\/\/www.ict-forensics-consulting.com\/HR\/wp-json\/wp\/v2\/pages\/333"}],"collection":[{"href":"https:\/\/www.ict-forensics-consulting.com\/HR\/wp-json\/wp\/v2\/pages"}],"about":[{"href":"https:\/\/www.ict-forensics-consulting.com\/HR\/wp-json\/wp\/v2\/types\/page"}],"author":[{"embeddable":true,"href":"https:\/\/www.ict-forensics-consulting.com\/HR\/wp-json\/wp\/v2\/users\/1"}],"replies":[{"embeddable":true,"href":"https:\/\/www.ict-forensics-consulting.com\/HR\/wp-json\/wp\/v2\/comments?post=333"}],"version-history":[{"count":3,"href":"https:\/\/www.ict-forensics-consulting.com\/HR\/wp-json\/wp\/v2\/pages\/333\/revisions"}],"predecessor-version":[{"id":431,"href":"https:\/\/www.ict-forensics-consulting.com\/HR\/wp-json\/wp\/v2\/pages\/333\/revisions\/431"}],"wp:attachment":[{"href":"https:\/\/www.ict-forensics-consulting.com\/HR\/wp-json\/wp\/v2\/media?parent=333"}],"curies":[{"name":"wp","href":"https:\/\/api.w.org\/{rel}","templated":true}]}}