{"id":337,"date":"2013-12-21T23:16:01","date_gmt":"2013-12-21T23:16:01","guid":{"rendered":"http:\/\/www.ict-forensics-consulting.com\/?page_id=337"},"modified":"2013-12-24T22:44:06","modified_gmt":"2013-12-24T22:44:06","slug":"what-is-forensics","status":"publish","type":"page","link":"https:\/\/www.ict-forensics-consulting.com\/HR\/what-is-forensics\/","title":{"rendered":"\u0160to je forenzika?"},"content":{"rendered":"<p><\/p>\n<p style=\"text-align: justify;\">Forenzika je znanstvena metoda prikupljanja i pregledavanja informacija koje se odnose na neke doga\u0111aje iz pro\u0161losti. ICT forenzika je grana digitalne forenzike koja se odnosi na dokaze koji se mogu koristiti u pravosudnim postupcima, a koje je mogu\u0107e na\u0107i na ra\u010dunalima, u ra\u010dunalnim mre\u017eama i medijima za pohranu podataka.<\/p>\n<p><\/p>","protected":false},"excerpt":{"rendered":"<p>Forenzika je znanstvena metoda prikupljanja i pregledavanja informacija koje se odnose na neke doga\u0111aje iz pro\u0161losti. ICT forenzika je grana digitalne forenzike koja se odnosi na dokaze koji se mogu koristiti u pravosudnim postupcima, a koje je mogu\u0107e na\u0107i na&hellip; <\/p>\n","protected":false},"author":1,"featured_media":0,"parent":0,"menu_order":0,"comment_status":"closed","ping_status":"open","template":"","meta":[],"_links":{"self":[{"href":"https:\/\/www.ict-forensics-consulting.com\/HR\/wp-json\/wp\/v2\/pages\/337"}],"collection":[{"href":"https:\/\/www.ict-forensics-consulting.com\/HR\/wp-json\/wp\/v2\/pages"}],"about":[{"href":"https:\/\/www.ict-forensics-consulting.com\/HR\/wp-json\/wp\/v2\/types\/page"}],"author":[{"embeddable":true,"href":"https:\/\/www.ict-forensics-consulting.com\/HR\/wp-json\/wp\/v2\/users\/1"}],"replies":[{"embeddable":true,"href":"https:\/\/www.ict-forensics-consulting.com\/HR\/wp-json\/wp\/v2\/comments?post=337"}],"version-history":[{"count":4,"href":"https:\/\/www.ict-forensics-consulting.com\/HR\/wp-json\/wp\/v2\/pages\/337\/revisions"}],"predecessor-version":[{"id":426,"href":"https:\/\/www.ict-forensics-consulting.com\/HR\/wp-json\/wp\/v2\/pages\/337\/revisions\/426"}],"wp:attachment":[{"href":"https:\/\/www.ict-forensics-consulting.com\/HR\/wp-json\/wp\/v2\/media?parent=337"}],"curies":[{"name":"wp","href":"https:\/\/api.w.org\/{rel}","templated":true}]}}